{"id":20,"date":"2019-06-21T00:53:27","date_gmt":"2019-06-20T22:53:27","guid":{"rendered":"https:\/\/www.univ-orleans.fr\/lifo\/equipes\/lmv\/?page_id=20"},"modified":"2026-02-11T09:18:16","modified_gmt":"2026-02-11T08:18:16","slug":"members","status":"publish","type":"page","link":"https:\/\/www.univ-orleans.fr\/lifo\/equipes\/lmv\/index.php\/members\/","title":{"rendered":"Members"},"content":{"rendered":"\n<h2 class=\"wp-block-heading\">Current Members<\/h2>\n\n\n\n<p><strong>Faculty \/ Enseignants-chercheurs<\/strong><br>Yohan Boichut<br>Wadoud Bousdira-Semmar<br>Jules Chouquet<br>Jean-Michel Couvreur <br>Fr\u00e9d\u00e9ric Dabrowski <br>Ali Ed-Dbali <br>Fr\u00e9d\u00e9ric Loulergue (Head)<br>Jolan Philippe<\/p>\n\n\n\n<p><strong>Honorary Professor<\/strong><br>Siva Anantharaman<\/p>\n\n\n\n<p><strong>Postdoctoral Researchers \/ Chercheurs postdoctoraux<\/strong><br>Myriam Clouet<br>Yani Ziani<\/p>\n\n\n\n<p><strong>Lecturers \/ ATER<\/strong><br><\/p>\n\n\n\n<p><strong>Research Engineer \/ Ing\u00e9nieurs d&#8217;Etudes et de Recherche<\/strong><br>Mohamed Haady Tiemtore<\/p>\n\n\n\n<p><strong>PhD Students \/ Doctorants<\/strong><br>Lucas Ransan (since Dec. 2025)<br>T\u00e9rence Clastres (since Oct. 2024)<br>T\u00e9o Bernier (since Nov. 2023)<br>J\u00e9r\u00e9my Damour (since Nov. 2023)<br>Flo Groult (since Dec. 2022)<\/p>\n\n\n\n<p><strong>Msc Students \/ Etudiants de Master&nbsp;<\/strong><br>Nicolas Paul<br>Mohamed Haady Tiemtore<br>Thomas&nbsp;Theault<\/p>\n\n\n\n<p><strong>Undergraduate Students&nbsp;\/ Etudiants de Licence<\/strong><br><br><\/p>\n\n\n\n<h2 class=\"wp-block-heading\">Former Members<\/h2>\n\n\n\n<p><strong>Faculty \/ Enseignants-chercheurs<\/strong><br>Nirina Andrianarivelo<br>Pierre R\u00e9ty<\/p>\n\n\n\n<p><strong>PhD Students \/ Doctorants<\/strong><br>Jordan Ischard (2021-2025)<br>Yani Ziani (2022-2025)<br>Darine Rammal (2019-2024)<br>Dara Ly (2017-2022)<br>Salwa Souaf (2017-2020)<br>Thibaut Tachon (2016-2019)<br>Arvid Jakobsson (2016-2019)<br>Vivien Pelletier (2012-2017)<br>Allan Blanchard (2013-2016)<br>Asma Guesmi (2012-2016)<\/p>\n\n\n<p><strong>MSc Students \/ Etudiants de Master<br \/><\/strong>Nicolas Schivre, part-time researcher engineer (2024)<br \/>Jordan Ischard, part-time researcher engineer &amp; intern (2019-2021)<br \/>T\u00e9rence Clastres, part-time researcher engineer &amp; intern (2022-2024)<\/p>\n\n\n<p><strong>BSc Students \/ Etudiants de Licence<br><\/strong>Nicolas Paul (2025)<br>Thomas&nbsp;Theault (2025)<br>Mohamed Haady Tiemtore&nbsp;(2025)<br>Marine Delvallez (2024)<br>Julien Glorian&nbsp;(2024)<br>Benjamin Gaudin (2023)<br>Lo\u00efc Kerbaul (2023)<br>Olivia Proust (2023)<br>T\u00e9rence Clastres (2022)<br>Jordan Ischard (2019)<br>Jean-Pac\u00f4me Delmas (2019)<\/p>\n","protected":false},"excerpt":{"rendered":"<p>Current Members Faculty \/ Enseignants-chercheursYohan BoichutWadoud Bousdira-SemmarJules ChouquetJean-Michel Couvreur Fr\u00e9d\u00e9ric Dabrowski Ali Ed-Dbali Fr\u00e9d\u00e9ric Loulergue (Head)Jolan Philippe Honorary ProfessorSiva Anantharaman Postdoctoral Researchers \/ Chercheurs postdoctorauxMyriam ClouetYani Ziani Lecturers \/ ATER Research Engineer \/ Ing\u00e9nieurs d&#8217;Etudes et de RechercheMohamed Haady Tiemtore PhD Students \/ DoctorantsLucas Ransan (since Dec. 2025)T\u00e9rence Clastres (since Oct. 2024)T\u00e9o Bernier (since Nov. &hellip; <a href=\"https:\/\/www.univ-orleans.fr\/lifo\/equipes\/lmv\/index.php\/members\/\" class=\"more-link\">Continue reading<span class=\"screen-reader-text\"> &#8220;Members&#8221;<\/span><\/a><\/p>\n","protected":false},"author":1,"featured_media":0,"parent":0,"menu_order":2,"comment_status":"closed","ping_status":"closed","template":"","meta":{"footnotes":""},"class_list":["post-20","page","type-page","status-publish","hentry"],"_links":{"self":[{"href":"https:\/\/www.univ-orleans.fr\/lifo\/equipes\/lmv\/index.php\/wp-json\/wp\/v2\/pages\/20","targetHints":{"allow":["GET"]}}],"collection":[{"href":"https:\/\/www.univ-orleans.fr\/lifo\/equipes\/lmv\/index.php\/wp-json\/wp\/v2\/pages"}],"about":[{"href":"https:\/\/www.univ-orleans.fr\/lifo\/equipes\/lmv\/index.php\/wp-json\/wp\/v2\/types\/page"}],"author":[{"embeddable":true,"href":"https:\/\/www.univ-orleans.fr\/lifo\/equipes\/lmv\/index.php\/wp-json\/wp\/v2\/users\/1"}],"replies":[{"embeddable":true,"href":"https:\/\/www.univ-orleans.fr\/lifo\/equipes\/lmv\/index.php\/wp-json\/wp\/v2\/comments?post=20"}],"version-history":[{"count":63,"href":"https:\/\/www.univ-orleans.fr\/lifo\/equipes\/lmv\/index.php\/wp-json\/wp\/v2\/pages\/20\/revisions"}],"predecessor-version":[{"id":1361,"href":"https:\/\/www.univ-orleans.fr\/lifo\/equipes\/lmv\/index.php\/wp-json\/wp\/v2\/pages\/20\/revisions\/1361"}],"wp:attachment":[{"href":"https:\/\/www.univ-orleans.fr\/lifo\/equipes\/lmv\/index.php\/wp-json\/wp\/v2\/media?parent=20"}],"curies":[{"name":"wp","href":"https:\/\/api.w.org\/{rel}","templated":true}]}}